{"id":238,"date":"2017-08-07T09:25:31","date_gmt":"2017-08-07T07:25:31","guid":{"rendered":"http:\/\/www.alpinecreationstudio.com\/?page_id=238"},"modified":"2024-12-03T19:13:37","modified_gmt":"2024-12-03T18:13:37","slug":"histoire","status":"publish","type":"page","link":"https:\/\/www.alpinecreationstudio.com\/en\/histoire\/","title":{"rendered":"Agence"},"content":{"rendered":"<p>[et_pb_section fb_built=\u00a0\u00bb1&Prime; _builder_version=\u00a0\u00bb4.16&Prime; custom_padding=\u00a0\u00bb40px||40px||true\u00a0\u00bb global_colors_info=\u00a0\u00bb{}\u00a0\u00bb][et_pb_row custom_padding_last_edited=\u00a0\u00bbon|desktop\u00a0\u00bb disabled_on=\u00a0\u00bbon|on|off\u00a0\u00bb _builder_version=\u00a0\u00bb4.16&Prime; custom_padding=\u00a0\u00bb|||\u00a0\u00bb custom_padding_tablet=\u00a0\u00bb0px||0px|\u00a0\u00bb custom_padding_phone=\u00a0\u00bb\u00a0\u00bb global_colors_info=\u00a0\u00bb{}\u00a0\u00bb][et_pb_column type=\u00a0\u00bb4_4&Prime; _builder_version=\u00a0\u00bb4.16&Prime; background_position=\u00a0\u00bbtop_left\u00a0\u00bb custom_padding=\u00a0\u00bb|||\u00a0\u00bb custom_padding_tablet=\u00a0\u00bb|||\u00a0\u00bb custom_padding_phone=\u00a0\u00bb|||\u00a0\u00bb custom_padding_last_edited=\u00a0\u00bbon|desktop\u00a0\u00bb global_colors_info=\u00a0\u00bb{}\u00a0\u00bb padding_phone=\u00a0\u00bb|||\u00a0\u00bb padding_last_edited=\u00a0\u00bbon|desktop\u00a0\u00bb custom_padding__hover=\u00a0\u00bb|||\u00a0\u00bb][et_pb_text _builder_version=\u00a0\u00bb4.27.4&Prime; global_colors_info=\u00a0\u00bb{}\u00a0\u00bb custom_padding=\u00a0\u00bb60px|||||\u00a0\u00bb]<\/p>\n<h1>Agence<br \/>Alpine Cr\u00e9ation Studio<\/h1>\n<p><b>L\u2019art de r\u00e9inventer les espaces alpins<\/b><b><\/b><\/p>\n<p class=\"p1\">Alpine Cr\u00e9ation Studio, dirig\u00e9 par la talentueuse B\u00e9atrice Rosenthal, est une soci\u00e9t\u00e9 de design d\u2019int\u00e9rieur qui s\u2019est impos\u00e9e comme une r\u00e9f\u00e9rence dans la cr\u00e9ation d\u2019espaces uniques, empreints de charme, d\u2019authenticit\u00e9 et de sophistication. Sp\u00e9cialis\u00e9e dans les projets haut de gamme situ\u00e9s en montagne, l\u2019entreprise sublime les traditions architecturales locales tout en y int\u00e9grant une modernit\u00e9 \u00e9l\u00e9gante et intemporelle.<\/p>\n<p class=\"p1\">Avec une approche holistique, Alpine Cr\u00e9ation Studio repense les int\u00e9rieurs pour qu\u2019ils racontent une histoire, celle du lieu et de ses habitants. Chaque projet, qu\u2019il s\u2019agisse de chalets, de fermes r\u00e9nov\u00e9es ou de propri\u00e9t\u00e9s contemporaines, est une alchimie parfaite entre mat\u00e9riaux nobles, design sur mesure et art de vivre. En fusionnant des savoir-faire traditionnels et des concepts innovants, l\u2019\u00e9quipe cr\u00e9e des univers chaleureux et esth\u00e9tiquement captivants, o\u00f9 chaque d\u00e9tail refl\u00e8te l\u2019exigence et la vision de B\u00e9atrice Rosenthal.<\/p>\n<p class=\"p1\">Les r\u00e9alisations d\u2019Alpine Cr\u00e9ation Studio se distinguent par leur capacit\u00e9 \u00e0 magnifier les environnements alpins. \u00c0 travers une utilisation judicieuse des ressources locales \u2013 bois massif, pierre naturelle, textiles artisanaux \u2013 et un soin m\u00e9ticuleux port\u00e9 aux finitions, l\u2019entreprise transforme chaque espace en un havre de paix luxueux et harmonieux. L\u2019\u00e9clairage joue \u00e9galement un r\u00f4le central, orchestr\u00e9 pour souligner les volumes, texturer les mat\u00e9riaux et cr\u00e9er une atmosph\u00e8re intime et magique.<\/p>\n<p class=\"p1\">Loin des standards fig\u00e9s, Alpine Cr\u00e9ation Studio privil\u00e9gie une approche personnalis\u00e9e et sur-mesure. Chaque client b\u00e9n\u00e9ficie d\u2019un accompagnement attentif, o\u00f9 ses r\u00eaves et aspirations sont traduits en r\u00e9alit\u00e9 gr\u00e2ce \u00e0 un dialogue constant et \u00e0 une \u00e9coute active. L\u2019\u00e9quipe collabore \u00e9galement avec des artisans locaux et des designers internationaux pour apporter une touche d\u2019originalit\u00e9 et de prestige \u00e0 chaque projet.<\/p>\n<p class=\"p1\">Avec Alpine Cr\u00e9ation Studio, B\u00e9atrice Rosenthal r\u00e9invente l\u2019habitat en montagne, m\u00ealant patrimoine et innovation pour cr\u00e9er des espaces qui respirent l\u2019\u00e9l\u00e9gance et l\u2019authenticit\u00e9. Chaque projet sign\u00e9 par le studio est une invitation \u00e0 vivre la montagne autrement : dans un cadre o\u00f9 la beaut\u00e9 naturelle s\u2019allie \u00e0 un confort raffin\u00e9, et o\u00f9 chaque d\u00e9tail t\u00e9moigne d\u2019un art de vivre exceptionnel.<\/p>\n<p class=\"p1\"><b>Alpine Cr\u00e9ation Studio : l\u00e0 o\u00f9 le design rencontre l\u2019\u00e2me des Alpes.<\/b><\/p>\n<p><em><\/em><\/p>\n<p>[\/et_pb_text][et_pb_image src=\u00a0\u00bbhttps:\/\/www.alpinecreationstudio.com\/wp-content\/uploads\/2017\/08\/7-La-Mourra_Chambre.jpg\u00a0\u00bb align_tablet=\u00a0\u00bbcenter\u00a0\u00bb align_phone=\u00a0\u00bbcenter\u00a0\u00bb align_last_edited=\u00a0\u00bbon|desktop\u00a0\u00bb _builder_version=\u00a0\u00bb4.16&Prime; min_height=\u00a0\u00bb321.1px\u00a0\u00bb custom_margin_tablet=\u00a0\u00bb\u00a0\u00bb custom_margin_phone=\u00a0\u00bb\u00a0\u00bb custom_margin_last_edited=\u00a0\u00bbon|desktop\u00a0\u00bb custom_padding=\u00a0\u00bb64px|||||\u00a0\u00bb custom_padding_tablet=\u00a0\u00bb\u00a0\u00bb custom_padding_phone=\u00a0\u00bb\u00a0\u00bb custom_padding_last_edited=\u00a0\u00bbon|phone\u00a0\u00bb animation=\u00a0\u00bboff\u00a0\u00bb global_colors_info=\u00a0\u00bb{}\u00a0\u00bb][\/et_pb_image][\/et_pb_column][\/et_pb_row][et_pb_row _builder_version=\u00a0\u00bb4.27.4&Prime; _module_preset=\u00a0\u00bbdefault\u00a0\u00bb global_colors_info=\u00a0\u00bb{}\u00a0\u00bb][et_pb_column type=\u00a0\u00bb4_4&Prime; _builder_version=\u00a0\u00bb4.27.4&Prime; _module_preset=\u00a0\u00bbdefault\u00a0\u00bb global_colors_info=\u00a0\u00bb{}\u00a0\u00bb][\/et_pb_column][\/et_pb_row][et_pb_row custom_padding_last_edited=\u00a0\u00bbon|desktop\u00a0\u00bb disabled_on=\u00a0\u00bboff|off|on\u00a0\u00bb _builder_version=\u00a0\u00bb4.16&Prime; custom_padding=\u00a0\u00bb|||0px||\u00a0\u00bb custom_padding_tablet=\u00a0\u00bb0px||0px|\u00a0\u00bb custom_padding_phone=\u00a0\u00bb\u00a0\u00bb global_colors_info=\u00a0\u00bb{}\u00a0\u00bb][et_pb_column type=\u00a0\u00bb4_4&Prime; _builder_version=\u00a0\u00bb4.16&Prime; background_position=\u00a0\u00bbtop_left\u00a0\u00bb custom_padding=\u00a0\u00bb|||\u00a0\u00bb custom_padding_tablet=\u00a0\u00bb|||\u00a0\u00bb custom_padding_phone=\u00a0\u00bb0px|0px|0px|0px|true|true\u00a0\u00bb custom_padding_last_edited=\u00a0\u00bbon|phone\u00a0\u00bb global_colors_info=\u00a0\u00bb{}\u00a0\u00bb padding_phone=\u00a0\u00bb0px|0px|0px|0px|true|true\u00a0\u00bb padding_last_edited=\u00a0\u00bbon|phone\u00a0\u00bb custom_padding__hover=\u00a0\u00bb|||\u00a0\u00bb][\/et_pb_column][\/et_pb_row][\/et_pb_section]<\/p>\n","protected":false},"excerpt":{"rendered":"<p>AgenceAlpine Cr\u00e9ation Studio L\u2019art de r\u00e9inventer les espaces alpins Alpine Cr\u00e9ation Studio, dirig\u00e9 par la talentueuse B\u00e9atrice Rosenthal, est une soci\u00e9t\u00e9 de design d\u2019int\u00e9rieur qui s\u2019est impos\u00e9e comme une r\u00e9f\u00e9rence dans la cr\u00e9ation d\u2019espaces uniques, empreints de charme, d\u2019authenticit\u00e9 et de sophistication. Sp\u00e9cialis\u00e9e dans les projets haut de gamme situ\u00e9s en montagne, l\u2019entreprise sublime les [&hellip;]<\/p>\n","protected":false},"author":1,"featured_media":0,"parent":0,"menu_order":0,"comment_status":"closed","ping_status":"open","template":"","meta":{"_et_pb_use_builder":"on","_et_pb_old_content":"","_et_gb_content_width":"","footnotes":""},"class_list":["post-238","page","type-page","status-publish","hentry"],"_links":{"self":[{"href":"https:\/\/www.alpinecreationstudio.com\/en\/wp-json\/wp\/v2\/pages\/238","targetHints":{"allow":["GET"]}}],"collection":[{"href":"https:\/\/www.alpinecreationstudio.com\/en\/wp-json\/wp\/v2\/pages"}],"about":[{"href":"https:\/\/www.alpinecreationstudio.com\/en\/wp-json\/wp\/v2\/types\/page"}],"author":[{"embeddable":true,"href":"https:\/\/www.alpinecreationstudio.com\/en\/wp-json\/wp\/v2\/users\/1"}],"replies":[{"embeddable":true,"href":"https:\/\/www.alpinecreationstudio.com\/en\/wp-json\/wp\/v2\/comments?post=238"}],"version-history":[{"count":32,"href":"https:\/\/www.alpinecreationstudio.com\/en\/wp-json\/wp\/v2\/pages\/238\/revisions"}],"predecessor-version":[{"id":645,"href":"https:\/\/www.alpinecreationstudio.com\/en\/wp-json\/wp\/v2\/pages\/238\/revisions\/645"}],"wp:attachment":[{"href":"https:\/\/www.alpinecreationstudio.com\/en\/wp-json\/wp\/v2\/media?parent=238"}],"curies":[{"name":"wp","href":"https:\/\/api.w.org\/{rel}","templated":true}]}}