{"id":232,"date":"2017-08-07T09:21:58","date_gmt":"2017-08-07T07:21:58","guid":{"rendered":"http:\/\/www.alpinecreationstudio.com\/?page_id=232"},"modified":"2024-12-05T17:55:08","modified_gmt":"2024-12-05T16:55:08","slug":"contact","status":"publish","type":"page","link":"https:\/\/www.alpinecreationstudio.com\/en\/contact\/","title":{"rendered":"Contact"},"content":{"rendered":"<p>[et_pb_section fb_built=\u00a0\u00bb1&Prime; _builder_version=\u00a0\u00bb4.16&Prime; custom_padding=\u00a0\u00bb0px|0px|30px|0px\u00a0\u00bb global_colors_info=\u00a0\u00bb{}\u00a0\u00bb][et_pb_row _builder_version=\u00a0\u00bb4.16&Prime; custom_padding=\u00a0\u00bb40px||40px||true\u00a0\u00bb global_colors_info=\u00a0\u00bb{}\u00a0\u00bb][et_pb_column type=\u00a0\u00bb4_4&Prime; _builder_version=\u00a0\u00bb4.16&Prime; custom_padding=\u00a0\u00bb|||\u00a0\u00bb global_colors_info=\u00a0\u00bb{}\u00a0\u00bb custom_padding__hover=\u00a0\u00bb|||\u00a0\u00bb][et_pb_text _builder_version=\u00a0\u00bb4.16&Prime; header_font=\u00a0\u00bb|300|||||||\u00a0\u00bb header_font_size=\u00a0\u00bb5vw\u00a0\u00bb text_orientation=\u00a0\u00bbcenter\u00a0\u00bb module_alignment=\u00a0\u00bbcenter\u00a0\u00bb global_colors_info=\u00a0\u00bb{}\u00a0\u00bb]<\/p>\n<h1>contact<\/h1>\n<p>[\/et_pb_text][et_pb_divider _builder_version=\u00a0\u00bb4.16&Prime; max_width=\u00a0\u00bb50%\u00a0\u00bb module_alignment=\u00a0\u00bbcenter\u00a0\u00bb global_colors_info=\u00a0\u00bb{}\u00a0\u00bb][\/et_pb_divider][\/et_pb_column][\/et_pb_row][et_pb_row column_structure=\u00a0\u00bb1_2,1_2&Prime; padding_left_right_link_2=\u00a0\u00bbtrue\u00a0\u00bb _builder_version=\u00a0\u00bb4.27.4&Prime; width=\u00a0\u00bb90%\u00a0\u00bb max_width=\u00a0\u00bb1379px\u00a0\u00bb custom_padding=\u00a0\u00bb40px|0px|40px|0px|true|false\u00a0\u00bb global_colors_info=\u00a0\u00bb{}\u00a0\u00bb][et_pb_column type=\u00a0\u00bb1_2&Prime; _builder_version=\u00a0\u00bb4.16&Prime; background_position=\u00a0\u00bbtop_left\u00a0\u00bb custom_padding=\u00a0\u00bb|||\u00a0\u00bb global_colors_info=\u00a0\u00bb{}\u00a0\u00bb custom_padding__hover=\u00a0\u00bb|||\u00a0\u00bb][et_pb_image src=\u00a0\u00bbhttps:\/\/www.alpinecreationstudio.com\/wp-content\/uploads\/2017\/07\/coffee.jpg\u00a0\u00bb align_tablet=\u00a0\u00bbcenter\u00a0\u00bb align_phone=\u00a0\u00bbcenter\u00a0\u00bb align_last_edited=\u00a0\u00bbon|desktop\u00a0\u00bb _builder_version=\u00a0\u00bb4.27.4&Prime; animation_direction=\u00a0\u00bbleft\u00a0\u00bb hover_enabled=\u00a0\u00bb0&Prime; global_colors_info=\u00a0\u00bb{}\u00a0\u00bb title_text=\u00a0\u00bbcoffee\u00a0\u00bb sticky_enabled=\u00a0\u00bb0&Prime;][\/et_pb_image][\/et_pb_column][et_pb_column type=\u00a0\u00bb1_2&Prime; _builder_version=\u00a0\u00bb4.16&Prime; background_position=\u00a0\u00bbtop_left\u00a0\u00bb custom_padding=\u00a0\u00bb|20px||20px\u00a0\u00bb custom_padding_tablet=\u00a0\u00bb|0px||0px||true\u00a0\u00bb custom_padding_phone=\u00a0\u00bb|0px||0px||true\u00a0\u00bb custom_padding_last_edited=\u00a0\u00bbon|phone\u00a0\u00bb global_colors_info=\u00a0\u00bb{}\u00a0\u00bb padding_tablet=\u00a0\u00bb|0px||0px||true\u00a0\u00bb padding_last_edited=\u00a0\u00bbon|phone\u00a0\u00bb custom_padding__hover=\u00a0\u00bb|||\u00a0\u00bb padding_phone=\u00a0\u00bb|0px||0px||true\u00a0\u00bb][et_pb_text _builder_version=\u00a0\u00bb4.16&Prime; text_font=\u00a0\u00bb|300|||||||\u00a0\u00bb header_font=\u00a0\u00bbMontserrat|300|||||||\u00a0\u00bb global_colors_info=\u00a0\u00bb{}\u00a0\u00bb]<\/p>\n<h1>B\u00e9atrice Rosenthal<\/h1>\n<p class=\"p1\"><b>Une visionnaire de l\u2019art de vivre et de l\u2019espace<\/b><b><\/b><\/p>\n<p class=\"p1\">B\u00e9atrice Rosenthal est une architecte d\u2019int\u00e9rieur de renomm\u00e9e internationale dont le talent r\u00e9side dans la capacit\u00e9 \u00e0 sublimer l\u2019espace tout en respectant l\u2019\u00e2me du lieu. Avec une approche \u00e0 la fois intuitive et m\u00e9thodique, elle imagine des int\u00e9rieurs o\u00f9 l\u2019\u00e9l\u00e9gance et l\u2019authenticit\u00e9 coexistent harmonieusement. Son style, profond\u00e9ment ancr\u00e9 dans l\u2019histoire et la culture des lieux qu\u2019elle transforme, est un savant m\u00e9lange de raffinement, de confort et de modernit\u00e9.<\/p>\n<p class=\"p1\">Dans le cadre de la spectaculaire transformation de la Ferme du Passieu, B\u00e9atrice Rosenthal a apport\u00e9 une signature unique \u00e0 cet espace d\u2019exception nich\u00e9 au c\u0153ur des Alpes. Sa mission a commenc\u00e9 l\u00e0 o\u00f9 le gros \u0153uvre s\u2019est arr\u00eat\u00e9 : en r\u00e9v\u00e9lant la verticalit\u00e9 saisissante de la charpente et en imaginant un am\u00e9nagement int\u00e9rieur qui magnifie l\u2019architecture tout en cr\u00e9ant un cocon chaleureux. Gr\u00e2ce \u00e0 un dialogue subtil entre des mat\u00e9riaux locaux, comme le Bleu de Savoie et le bois massif, et des \u00e9l\u00e9ments d\u00e9coratifs soigneusement s\u00e9lectionn\u00e9s, elle a donn\u00e9 naissance \u00e0 une atmosph\u00e8re \u00e0 la fois luxueuse et empreinte d\u2019authenticit\u00e9.<\/p>\n<p class=\"p1\">B\u00e9atrice ne con\u00e7oit pas seulement des espaces, elle raconte des histoires. Chaque pi\u00e8ce de la ferme porte une signature distincte : des chambres tapiss\u00e9es de bois aux essences vari\u00e9es, chacune \u00e9voquant une ambiance et une \u00e9motion singuli\u00e8res, jusqu\u2019aux d\u00e9tails m\u00e9ticuleux comme les kilims faits sur mesure ou les meubles chin\u00e9s et restaur\u00e9s. Ce souci du d\u00e9tail s\u2019\u00e9tend \u00e9galement \u00e0 l\u2019\u00e9clairage, qu\u2019elle con\u00e7oit comme une v\u00e9ritable sc\u00e9nographie lumineuse, transformant les volumes monumentaux en un spectacle f\u00e9erique chaque soir.<\/p>\n<p class=\"p1\">Son approche va bien au-del\u00e0 du design : B\u00e9atrice Rosenthal sait \u00e9couter et interpr\u00e9ter les aspirations de ses clients pour cr\u00e9er des lieux qui leur ressemblent, tout en y insufflant une touche intemporelle et universelle. Avec elle, chaque projet devient une \u0153uvre d\u2019art vivante o\u00f9 le pass\u00e9 dialogue avec le pr\u00e9sent, et o\u00f9 le fonctionnel se pare d\u2019esth\u00e9tisme.<\/p>\n<p class=\"p1\">En tant que designer, B\u00e9atrice Rosenthal incarne l\u2019excellence et l\u2019innovation, tout en restant fid\u00e8le \u00e0 son objectif premier : transformer des espaces en v\u00e9ritables lieux de vie o\u00f9 l\u2019on se sent chez soi.<\/p>\n<p>[\/et_pb_text][\/et_pb_column][\/et_pb_row][\/et_pb_section]<\/p>\n","protected":false},"excerpt":{"rendered":"<p>contactB\u00e9atrice Rosenthal Une visionnaire de l\u2019art de vivre et de l\u2019espace B\u00e9atrice Rosenthal est une architecte d\u2019int\u00e9rieur de renomm\u00e9e internationale dont le talent r\u00e9side dans la capacit\u00e9 \u00e0 sublimer l\u2019espace tout en respectant l\u2019\u00e2me du lieu. Avec une approche \u00e0 la fois intuitive et m\u00e9thodique, elle imagine des int\u00e9rieurs o\u00f9 l\u2019\u00e9l\u00e9gance et l\u2019authenticit\u00e9 coexistent harmonieusement. [&hellip;]<\/p>\n","protected":false},"author":1,"featured_media":0,"parent":0,"menu_order":0,"comment_status":"closed","ping_status":"open","template":"","meta":{"_et_pb_use_builder":"on","_et_pb_old_content":"","_et_gb_content_width":"","footnotes":""},"class_list":["post-232","page","type-page","status-publish","hentry"],"_links":{"self":[{"href":"https:\/\/www.alpinecreationstudio.com\/en\/wp-json\/wp\/v2\/pages\/232","targetHints":{"allow":["GET"]}}],"collection":[{"href":"https:\/\/www.alpinecreationstudio.com\/en\/wp-json\/wp\/v2\/pages"}],"about":[{"href":"https:\/\/www.alpinecreationstudio.com\/en\/wp-json\/wp\/v2\/types\/page"}],"author":[{"embeddable":true,"href":"https:\/\/www.alpinecreationstudio.com\/en\/wp-json\/wp\/v2\/users\/1"}],"replies":[{"embeddable":true,"href":"https:\/\/www.alpinecreationstudio.com\/en\/wp-json\/wp\/v2\/comments?post=232"}],"version-history":[{"count":17,"href":"https:\/\/www.alpinecreationstudio.com\/en\/wp-json\/wp\/v2\/pages\/232\/revisions"}],"predecessor-version":[{"id":660,"href":"https:\/\/www.alpinecreationstudio.com\/en\/wp-json\/wp\/v2\/pages\/232\/revisions\/660"}],"wp:attachment":[{"href":"https:\/\/www.alpinecreationstudio.com\/en\/wp-json\/wp\/v2\/media?parent=232"}],"curies":[{"name":"wp","href":"https:\/\/api.w.org\/{rel}","templated":true}]}}